{"id":10784,"date":"2022-04-21T07:39:00","date_gmt":"2022-04-21T12:39:00","guid":{"rendered":"https:\/\/cancunpassion.com\/tours\/"},"modified":"2022-05-30T00:57:01","modified_gmt":"2022-05-30T00:57:01","slug":"tours","status":"publish","type":"page","link":"https:\/\/cancunpassion.com\/es\/tours\/","title":{"rendered":"Tours"},"content":{"rendered":"","protected":false},"excerpt":{"rendered":"","protected":false},"author":2,"featured_media":12048,"parent":0,"menu_order":0,"comment_status":"closed","ping_status":"closed","template":"template-tour-search.php","meta":{"footnotes":""},"yoast_head":"<!-- This site is optimized with the Yoast SEO plugin v21.5 - https:\/\/yoast.com\/wordpress\/plugins\/seo\/ -->\n<title>Tours - Canc\u00fan Passion<\/title>\n<meta name=\"robots\" content=\"index, follow, max-snippet:-1, max-image-preview:large, max-video-preview:-1\" \/>\n<link rel=\"canonical\" href=\"https:\/\/cancunpassion.com\/es\/tours\/\" \/>\n<meta property=\"og:locale\" content=\"es_ES\" \/>\n<meta property=\"og:type\" content=\"article\" \/>\n<meta property=\"og:title\" content=\"Tours - Canc\u00fan Passion\" \/>\n<meta property=\"og:url\" content=\"https:\/\/cancunpassion.com\/es\/tours\/\" \/>\n<meta property=\"og:site_name\" content=\"Canc\u00fan Passion\" \/>\n<meta property=\"article:publisher\" content=\"https:\/\/www.facebook.com\/cancunpassion\" \/>\n<meta property=\"article:modified_time\" content=\"2022-05-30T00:57:01+00:00\" \/>\n<meta property=\"og:image\" content=\"https:\/\/cancunpassion.com\/wp-content\/uploads\/2022\/06\/Cancun-Passion-Tours.png\" \/>\n\t<meta property=\"og:image:width\" content=\"1300\" \/>\n\t<meta property=\"og:image:height\" content=\"433\" \/>\n\t<meta property=\"og:image:type\" content=\"image\/png\" \/>\n<meta name=\"twitter:card\" content=\"summary_large_image\" \/>\n<script type=\"application\/ld+json\" class=\"yoast-schema-graph\">{\"@context\":\"https:\/\/schema.org\",\"@graph\":[{\"@type\":\"WebPage\",\"@id\":\"https:\/\/cancunpassion.com\/es\/tours\/\",\"url\":\"https:\/\/cancunpassion.com\/es\/tours\/\",\"name\":\"Tours - Canc\u00fan Passion\",\"isPartOf\":{\"@id\":\"https:\/\/cancunpassion.com\/#website\"},\"datePublished\":\"2022-04-21T12:39:00+00:00\",\"dateModified\":\"2022-05-30T00:57:01+00:00\",\"breadcrumb\":{\"@id\":\"https:\/\/cancunpassion.com\/es\/tours\/#breadcrumb\"},\"inLanguage\":\"es\",\"potentialAction\":[{\"@type\":\"ReadAction\",\"target\":[\"https:\/\/cancunpassion.com\/es\/tours\/\"]}]},{\"@type\":\"BreadcrumbList\",\"@id\":\"https:\/\/cancunpassion.com\/es\/tours\/#breadcrumb\",\"itemListElement\":[{\"@type\":\"ListItem\",\"position\":1,\"name\":\"Home\",\"item\":\"https:\/\/cancunpassion.com\/es\/\"},{\"@type\":\"ListItem\",\"position\":2,\"name\":\"Tours\"}]},{\"@type\":\"WebSite\",\"@id\":\"https:\/\/cancunpassion.com\/#website\",\"url\":\"https:\/\/cancunpassion.com\/\",\"name\":\"Canc\u00fan Passion\",\"description\":\"Tours a Chichen Itz\u00e1, Tulum, Cob\u00e1 y m\u00e1s\",\"publisher\":{\"@id\":\"https:\/\/cancunpassion.com\/#organization\"},\"potentialAction\":[{\"@type\":\"SearchAction\",\"target\":{\"@type\":\"EntryPoint\",\"urlTemplate\":\"https:\/\/cancunpassion.com\/?s={search_term_string}\"},\"query-input\":\"required name=search_term_string\"}],\"inLanguage\":\"es\"},{\"@type\":\"Organization\",\"@id\":\"https:\/\/cancunpassion.com\/#organization\",\"name\":\"Cancun Passion Tours\",\"url\":\"https:\/\/cancunpassion.com\/\",\"logo\":{\"@type\":\"ImageObject\",\"inLanguage\":\"es\",\"@id\":\"https:\/\/cancunpassion.com\/#\/schema\/logo\/image\/\",\"url\":\"https:\/\/cancunpassion.com\/wp-content\/uploads\/2021\/06\/CancunPassion-Logo.png\",\"contentUrl\":\"https:\/\/cancunpassion.com\/wp-content\/uploads\/2021\/06\/CancunPassion-Logo.png\",\"width\":1250,\"height\":1250,\"caption\":\"Cancun Passion Tours\"},\"image\":{\"@id\":\"https:\/\/cancunpassion.com\/#\/schema\/logo\/image\/\"},\"sameAs\":[\"https:\/\/www.facebook.com\/cancunpassion\",\"https:\/\/www.instagram.com\/cancunpassion\/\",\"https:\/\/www.tripadvisor.com.mx\/Attraction_Review-g150807-d3611277-Reviews-Cancun_Passion-Cancun_Yucatan_Peninsula.html\"]}]}<\/script>\n<!-- \/ Yoast SEO plugin. -->","yoast_head_json":{"title":"Tours - Canc\u00fan Passion","robots":{"index":"index","follow":"follow","max-snippet":"max-snippet:-1","max-image-preview":"max-image-preview:large","max-video-preview":"max-video-preview:-1"},"canonical":"https:\/\/cancunpassion.com\/es\/tours\/","og_locale":"es_ES","og_type":"article","og_title":"Tours - Canc\u00fan Passion","og_url":"https:\/\/cancunpassion.com\/es\/tours\/","og_site_name":"Canc\u00fan Passion","article_publisher":"https:\/\/www.facebook.com\/cancunpassion","article_modified_time":"2022-05-30T00:57:01+00:00","og_image":[{"width":1300,"height":433,"url":"https:\/\/cancunpassion.com\/wp-content\/uploads\/2022\/06\/Cancun-Passion-Tours.png","type":"image\/png"}],"twitter_card":"summary_large_image","schema":{"@context":"https:\/\/schema.org","@graph":[{"@type":"WebPage","@id":"https:\/\/cancunpassion.com\/es\/tours\/","url":"https:\/\/cancunpassion.com\/es\/tours\/","name":"Tours - Canc\u00fan Passion","isPartOf":{"@id":"https:\/\/cancunpassion.com\/#website"},"datePublished":"2022-04-21T12:39:00+00:00","dateModified":"2022-05-30T00:57:01+00:00","breadcrumb":{"@id":"https:\/\/cancunpassion.com\/es\/tours\/#breadcrumb"},"inLanguage":"es","potentialAction":[{"@type":"ReadAction","target":["https:\/\/cancunpassion.com\/es\/tours\/"]}]},{"@type":"BreadcrumbList","@id":"https:\/\/cancunpassion.com\/es\/tours\/#breadcrumb","itemListElement":[{"@type":"ListItem","position":1,"name":"Home","item":"https:\/\/cancunpassion.com\/es\/"},{"@type":"ListItem","position":2,"name":"Tours"}]},{"@type":"WebSite","@id":"https:\/\/cancunpassion.com\/#website","url":"https:\/\/cancunpassion.com\/","name":"Canc\u00fan Passion","description":"Tours a Chichen Itz\u00e1, Tulum, Cob\u00e1 y m\u00e1s","publisher":{"@id":"https:\/\/cancunpassion.com\/#organization"},"potentialAction":[{"@type":"SearchAction","target":{"@type":"EntryPoint","urlTemplate":"https:\/\/cancunpassion.com\/?s={search_term_string}"},"query-input":"required name=search_term_string"}],"inLanguage":"es"},{"@type":"Organization","@id":"https:\/\/cancunpassion.com\/#organization","name":"Cancun Passion Tours","url":"https:\/\/cancunpassion.com\/","logo":{"@type":"ImageObject","inLanguage":"es","@id":"https:\/\/cancunpassion.com\/#\/schema\/logo\/image\/","url":"https:\/\/cancunpassion.com\/wp-content\/uploads\/2021\/06\/CancunPassion-Logo.png","contentUrl":"https:\/\/cancunpassion.com\/wp-content\/uploads\/2021\/06\/CancunPassion-Logo.png","width":1250,"height":1250,"caption":"Cancun Passion Tours"},"image":{"@id":"https:\/\/cancunpassion.com\/#\/schema\/logo\/image\/"},"sameAs":["https:\/\/www.facebook.com\/cancunpassion","https:\/\/www.instagram.com\/cancunpassion\/","https:\/\/www.tripadvisor.com.mx\/Attraction_Review-g150807-d3611277-Reviews-Cancun_Passion-Cancun_Yucatan_Peninsula.html"]}]}},"jetpack_sharing_enabled":true,"_links":{"self":[{"href":"https:\/\/cancunpassion.com\/es\/wp-json\/wp\/v2\/pages\/10784"}],"collection":[{"href":"https:\/\/cancunpassion.com\/es\/wp-json\/wp\/v2\/pages"}],"about":[{"href":"https:\/\/cancunpassion.com\/es\/wp-json\/wp\/v2\/types\/page"}],"author":[{"embeddable":true,"href":"https:\/\/cancunpassion.com\/es\/wp-json\/wp\/v2\/users\/2"}],"replies":[{"embeddable":true,"href":"https:\/\/cancunpassion.com\/es\/wp-json\/wp\/v2\/comments?post=10784"}],"version-history":[{"count":2,"href":"https:\/\/cancunpassion.com\/es\/wp-json\/wp\/v2\/pages\/10784\/revisions"}],"predecessor-version":[{"id":11675,"href":"https:\/\/cancunpassion.com\/es\/wp-json\/wp\/v2\/pages\/10784\/revisions\/11675"}],"wp:featuredmedia":[{"embeddable":true,"href":"https:\/\/cancunpassion.com\/es\/wp-json\/wp\/v2\/media\/12048"}],"wp:attachment":[{"href":"https:\/\/cancunpassion.com\/es\/wp-json\/wp\/v2\/media?parent=10784"}],"curies":[{"name":"wp","href":"https:\/\/api.w.org\/{rel}","templated":true}]}}